{"id":1151,"date":"2023-06-15T16:11:40","date_gmt":"2023-06-15T16:11:40","guid":{"rendered":"https:\/\/heatpumpingtechnologies.org\/annex61\/?page_id=1151"},"modified":"2026-01-02T18:48:38","modified_gmt":"2026-01-02T18:48:38","slug":"publications-1","status":"publish","type":"page","link":"https:\/\/heatpumpingtechnologies.org\/project61\/publications-1\/","title":{"rendered":"Publications"},"content":{"rendered":"<div class=\"container\">\n<figure class=\"wp-block-image size-large\"><img loading=\"lazy\" decoding=\"async\" width=\"1024\" height=\"152\" src=\"https:\/\/heatpumpingtechnologies.org\/content\/uploads\/sites\/74\/2023\/06\/headerpublication-1024x152.jpg\" alt=\"\" class=\"wp-image-1149\" srcset=\"https:\/\/heatpumpingtechnologies.org\/content\/uploads\/sites\/74\/2023\/06\/headerpublication-1024x152.jpg 1024w, https:\/\/heatpumpingtechnologies.org\/content\/uploads\/sites\/74\/2023\/06\/headerpublication-300x44.jpg 300w, https:\/\/heatpumpingtechnologies.org\/content\/uploads\/sites\/74\/2023\/06\/headerpublication-768x114.jpg 768w, https:\/\/heatpumpingtechnologies.org\/content\/uploads\/sites\/74\/2023\/06\/headerpublication-1536x228.jpg 1536w, https:\/\/heatpumpingtechnologies.org\/content\/uploads\/sites\/74\/2023\/06\/headerpublication-400x59.jpg 400w, https:\/\/heatpumpingtechnologies.org\/content\/uploads\/sites\/74\/2023\/06\/headerpublication.jpg 1612w\" sizes=\"auto, (max-width: 1024px) 100vw, 1024px\" \/><\/figure>\n<\/div>\n\n<div class=\"container container--no-margin\">\n<p class=\"wp-block-paragraph \"><\/p>\n<\/div>\n\n<div class=\"container container--no-margin\">\n<h2 class=\"wp-block-heading\">Articles in Journals<\/h2>\n<\/div>\n\n<div class=\"container container--no-margin\">\n<p class=\"wp-block-paragraph \">Carsten Wemhoener, Fabian Ochs, Samuel Breuss, Christina Betzold, Franziska Bockelmann, Joris Zimmermann<br><a href=\"https:\/\/iopscience.iop.org\/article\/10.1088\/1742-6596\/3140\/2\/022011\" target=\"blanc\" rel=\"noopener\"><strong>&#8220;Heat pump integration in Positive Energy Districts \u2013 Simulation and monitoring results of IEA HPT Annex 61&#8221;<\/strong><\/a><br>Journal of Physics: Conference Series, Volume 3140, Operation &#8211; Heating &amp; cooling systems, 2025<\/p>\n<\/div>\n\n<div class=\"container container--no-margin\">\n<p class=\"wp-block-paragraph \">Christoph Meier, Carsten Wemhoener<br><a href=\"https:\/\/iopscience.iop.org\/article\/10.1088\/1742-6596\/3140\/2\/022008\" target=\"blanc\" rel=\"noopener\"><strong>&#8220;Renosource \u2013 Simulation and monitoring of propane heat pumps using integrated air- and ground-heat source for retrofit application&#8221;<\/strong><\/a><br>Journal of Physics: Conference Series, Volume 3140, Operation &#8211; Heating &amp; cooling systems, 2025<\/p>\n<\/div>\n\n<div class=\"container container--no-margin\">\n<p class=\"wp-block-paragraph \">Fabian Ochs, Alice Tosatto, Elisa Venturi, Samuel Breuss, Mara Magni, Georgios Dermentzis, Carsten Wemhoener<br><a href=\"https:\/\/doi.org\/10.1016\/j.seja.2024.100081\" target=\"blanc\" rel=\"noopener\"><strong>&#8220;Characteristic Load Curves of Positive Energy Districts&#8221;<\/strong><\/a><br>Solar Energy Advances, Vol. 5, 2025 Part of Special Issue on EuroSun 2024 ISES and IEA SHC International Conference on Solar Energy For Buildings and Industry<\/p>\n<\/div>\n\n<div class=\"container container--no-margin\">\n<p class=\"wp-block-paragraph \">Fabian Ochs, Nicola Franzoi, Georgios Dermentzis, William Monteleone, Mara Magni<br><a href=\"https:\/\/scholar.google.com\/citations?view_op=view_citation&amp;hl=en&amp;user=p0uoIDUAAAAJ&amp;sortby=pubdate&amp;citation_for_view=p0uoIDUAAAAJ:t7zJ5fGR-2UC\" target=\"blanc\" rel=\"noopener\"><strong>&#8220;Monitoring and simulation-based optimization of two multi-apartment NZEBs with heat pump, solar thermal and PV&#8221;<\/strong><\/a><br>Journal of Building Performance Simulation, 1-26<\/p>\n<\/div>\n\n<div class=\"container container--no-margin\">\n<p class=\"wp-block-paragraph \">Fabian Ochs, Georgios Dermentzis<br><a href=\"https:\/\/scholar.google.com\/citations?view_op=view_citation&amp;hl=en&amp;user=p0uoIDUAAAAJ&amp;sortby=pubdate&amp;citation_for_view=p0uoIDUAAAAJ:VLnqNzywnoUC\" target=\"blanc\" rel=\"noopener\"><strong>&#8220;Simple and fast dynamic model for the prediction of PV self-consumption&#8221;<\/strong><\/a><br>BAUPHYSIK 44 (6), 323-328<\/p>\n<\/div>\n\n<div class=\"container container--no-margin\">\n<p class=\"wp-block-paragraph \">Fabian Ochs, Mara Magni, Georgios Dermentzis<br><a href=\"https:\/\/scholar.google.com\/citations?view_op=view_citation&amp;hl=en&amp;user=p0uoIDUAAAAJ&amp;sortby=pubdate&amp;citation_for_view=p0uoIDUAAAAJ:VL0QpB8kHFEC\" target=\"blanc\" rel=\"noopener\"><strong>&#8220;Integration of heat pumps in buildings and district heating systems\u2014Evaluation on a building and energy system level&#8221;<\/strong><\/a><br>Energies 15 (11), 3889<\/p>\n<\/div>\n\n<div class=\"container container--no-margin\">\n<h2 class=\"wp-block-heading\">Papers, Presentations and Posters at Conferences<\/h2>\n<\/div>\n\n<div class=\"container container--no-margin\">\n<p class=\"wp-block-paragraph \">Franziska Bockelmann, Fabian Ochs, Carsten Wemh\u00f6ner<br><strong>Workflow f\u00fcr W\u00e4rmepumpensysteme in der Quartiersversorgung<\/strong><\/a><br>Proceedings Geothermiekongress 2025, 18.-20. November, Frankfurt\/Main<\/p>\n<\/div>\n\n<div class=\"container container--no-margin\">\n<p class=\"wp-block-paragraph \">Carsten Wemhonener, Christoph Meier<br><strong>Heat source integration for boiler replacement<\/strong><\/a><br>Presentation European Heat Pump Summit 2025, Nuremberg, 28-29. October 2025<\/p>\n<\/div>\n\n<div class=\"container container--no-margin\">\n<p class=\"wp-block-paragraph \">Fabian Ochs, Franziska Bockelmann, Carsten Wemhonener<br><strong>Towards Cost Optimal Heat Pump System Design for Positive Energy Districts<\/strong><\/a><br>Presentation European Heat Pump Summit 2025, Nuremberg, 28-29. October 2025<\/p>\n<\/div>\n\n<div class=\"container container--no-margin\">\n<p class=\"wp-block-paragraph \">Fabian Ochs, Carsten Wemhonener, Christoph Rohringer, Christoph Reichl<br><strong>IEA HPT Annex 61 \u2013 Integration of Heat Pumps in Positive Energy Districts<\/strong><\/a><br>Joint Annual Meeting of Austrian Physical Society (\u00d6PG) and the Swiss Physical Society (SPS), Vienna, 18-22. August 2025<\/p>\n<\/div>\n\n<div class=\"container container--no-margin\">\n<p class=\"wp-block-paragraph \">Lukas Oppelt, Thomas Wenzel, Timm Wunderlich, Thomas Ebel, Fritz Raithel, Willi Krause, Patrick Heinrich, Mareike Bleidie\u00dfel, Robert Manig, Thomas Grab, Tobias Fieback<br><strong>Abandoned and flooded mines as heat storage reservoirs &#8211; in-situ investigations and integration into district concepts<\/strong><\/a><br>REHVA World Congress CLIMA 2025, Milano, 04.-06. June 2025 <\/p>\n<\/div>\n\n<div class=\"container container--no-margin\">\n<p class=\"wp-block-paragraph \">Christina Betzold, Sebastian Hummel, Jonas Nunner, Labinot Malushaj, Arno Dentel<br><strong>Energetic, economic and ecological assessment of retrofitting a multi-storey residential building<\/strong><\/a><br>REHVA World Congress CLIMA 2025, Milano, 04.-06. June 2025 <\/p>\n<\/div>\n\n<div class=\"container container--no-margin\">\n<p class=\"wp-block-paragraph \">Samuel Breuss, Elisa Venturi, William Monteleone, Georgios Dermentzis, Fabian Ochs<br><strong>Optimization of a multi-apartment HVAC system using simulation and monitoring data<\/strong><\/a><br>REHVA World Congress CLIMA 2025, Milano, 04.-06. June 2025 <\/p>\n<\/div>\n\n<div class=\"container container--no-margin\">\n<p class=\"wp-block-paragraph \">Filippo Azzini, Maurizio Goni, Corrado Camponeschi, Claudia Naldi, Matteo Dongellini, Francesca Cioffi, Gian Luca Morini<br><strong>Developing a Python code for the automated analysis of thermal and electric energy sub-hourly data: a case study for academic and public buildings<\/strong><\/a><br>REHVA World Congress CLIMA 2025, Milano, 04.-06. June 2025 <\/p>\n<\/div>\n\n<div class=\"container container--no-margin\">\n<p class=\"wp-block-paragraph \">Georgios Dermentzis, G., Anastrasios Tsaris, William Monteleone, Fabian Ochs<br><a href=\"https:\/\/publications.ibpsa.org\/proceedings\/bausim\/2024\/papers\/bausim2024_47.pdf\" target=\"blanc\" rel=\"noopener\"><strong>Performance Evaluation of Decentralized Split Unit Air-to-air Heat Pumps<\/strong><\/a><br>Proceedings Bausim 2024, 23.-26. September, TU Vienna<\/p>\n<\/div><div class=\"container container--no-margin classic-editor\">\n\n<p>Christina Betzold, Sebastian Hummel, S., Labinot Maluskaj, Arno Dentel<br><a href=\"https:\/\/repositum.tuwien.at\/bitstream\/20.500.12708\/205766\/1\/Betzold-2024-Demonstration%20einer%20Mustersanierung%20mit%20smarter%20Energiesyste...-vor.pdf\" target=\"blanc\" rel=\"noopener\"><strong>sEnSys \u2013 Demonstration of a model building retrofit with smart energy system control for climate neutral buildings and district<\/strong><\/a><br>Poster presentation Bausim 2024, 23.-26. September, TU Vienna (in German)<\/p>\n<!-- \/wp:post-content -->\n\n<!-- wp:paragraph -->\n<p>Christina Betzold, Sebastian Hummel, Arno Dentel<br><a href=\"https:\/\/publications.ibpsa.org\/proceedings\/bausim\/2024\/papers\/bausim2024_43.pdf\" target=\"blanc\" rel=\"noopener\"><strong>Impact of weather forecast on PV supported MPC controlled heat pump system<\/strong><\/a><br>Proceedings Bausim 2024, 23.-26. September, TU Vienna (in German)<\/p>\n<!-- \/wp:paragraph -->\n\n<!-- wp:paragraph -->\n<p>Carsten Wemhoener, Fabian Ochs, Christina Betzold, Franziska Bockelmann, Joris Zimmermann<br><a href=\"https:\/\/publications.ibpsa.org\/proceedings\/bausim\/2024\/papers\/bausim2024_24.pdf\" target=\"blanc\" rel=\"noopener\"><strong>IEA HPT Annex 61 \u2013 Simulation of heat pumps in positive energy districts<\/strong><\/a><br>Bausim 2024, 23. &#8211; 26. September, TU Vienna (in German)<\/p>\n<!-- \/wp:paragraph -->\n\n<!-- wp:paragraph -->\n<p>Carsten Wemhoener, Franziska Bockelmann, Fabian Ochs, Sebastian Hummel<br><b>Annex 61 \u2013 State of heat pumps in positive energy districts<\/b><br>Proceedings Zero Carbon in the Built Environment ZCBE Conference, 3.-5. July, 2024, University of Nottingham<\/p>\n<!-- \/wp:paragraph -->\n\n<!-- wp:paragraph -->\n<p>Carsten Wemhoener<br><b>Heat pumps in plus energy districts \u2013 Interim results of IEA HPT Annex 61<\/b><br>Swiss national heat pump conference, Bern, 26. June 2024 (in German)<\/p>\n<!-- \/wp:paragraph -->\n\n<!-- wp:paragraph -->\n<p>Fabian Ochs, Samuel Breuss, Elisa Venturi, Mara Magni, Georgios Dermentzis<br><a href=\"https:\/\/www.tib-op.org\/ojs\/index.php\/isec\/article\/view\/1206\/1126\" target=\"blanc\" rel=\"noopener\"><strong>Towards Positive Energy Districts &#8211; Innsbruck, \u201cCampagne Areal\u201d<\/strong><\/a><br>ISEC 2024 \u2013 3rd International Sustainable Energy Conference, 10. &#8211; 11. April 2024<\/p>\n<!-- \/wp:paragraph -->\n\n\n\n\n\n\n<!-- wp:paragraph -->\n<p>Franziska Bockelmann, Joris Zimmermann<br><a href=\"https:\/\/etkhpcorderapi.extweb.sp.se\/api\/file\/2526\" target=\"blanc\" rel=\"noopener\"><strong>&#8220;Fields of application of large-scale heat pumps and challenges in planning&#8221;<\/strong><\/a><br>Proceedings 14th IEA HP Conference, May, 16-18, 2023, Chicago<\/p>\n<!-- \/wp:paragraph -->\n\n<!-- wp:paragraph -->\n<p>Carsten Wemhoener<br><a href=\"https:\/\/etkhpcorderapi.extweb.sp.se\/api\/file\/2626\" target=\"blanc\" rel=\"noopener\"><strong>&#8220;Heat pump application in cluster of buildings and positive energy districts&#8221;<\/strong><\/a><br>Proceedings 14th IEA HP Conference, May, 16-18, 2023, Chicago<\/p>\n<!-- \/wp:paragraph -->\n\n<!-- wp:paragraph -->\n<p>Carsten Wemhoener, Fabian Ochs, Franziska Bockelmann, Christina Betzold<br><a href=\"https:\/\/proceedings.ises.org\/paper\/eurosun2022\/eurosun2022-0108-Wemhoener.pdf\" target=\"blanc\" rel=\"noopener\"><strong>&#8220;Heat Pumps in Positive Energy Districts&#8221;<\/strong><\/a><br>EuroSun 2022 Proceedings, 26. &#8211; 28.9.2022, Kassel<\/p>\n<!-- \/wp:paragraph -->\n\n<!-- wp:heading -->\n<h2 class=\"wp-block-heading\">Workshop presentations<\/h2>\n<!-- \/wp:heading -->\n\n\n\n<!-- wp:paragraph -->\n<p><a href=\"https:\/\/heatpumpingtechnologies.org\/annex61\/joint-workshop-iea-hp-conference-chicago\" target=\"blanc\" rel=\"noopener\"><strong>Workshop &#8220;Heat Pumps in Positive Energy Districts \u2013 Opportunities, Challenges and Perspectives&#8221;<\/strong><\/a><br>Joint workshop HPT Annex 61, EBC Annex 83 and SHC Task 66, Chicago, May 15, 2023<\/p>\n<!-- \/wp:paragraph -->\n\n<!-- wp:paragraph -->\n<p><a href=\"https:\/\/heatpumpingtechnologies.org\/annex61\/workshop-belgium\" target=\"blanc\" rel=\"noopener\"><strong>Workshop &#8220;Future-oriented districts in reality and research&#8221;<\/strong><\/a><br>Stakeholder Workshop Annex 61, Leuven, Jan 30, 2023<\/p>\n<!-- \/wp:paragraph -->\n\n<!-- wp:paragraph -->\n<p><a href=\"https:\/\/heatpumpingtechnologies.org\/project61\/workshop-austria\" target=\"blanc\" rel=\"noopener\"><strong>Austrian stakeholder Workshop &#8220;W\u00e4rmepumpen in Plusenergiequartieren&#8221; (in German)<\/strong><\/a><br>Workshop \u00f6sterreichische Beitr\u00e4ge zum Annex 61, AIT, Vienna, Sept. 10, 2025 <\/p>\n<!-- \/wp:paragraph -->\n\n<!-- wp:paragraph -->\n<p><\/p>\n<!-- \/wp:paragraph --><\/div>","protected":false},"excerpt":{"rendered":"<p>Articles in Journals Carsten Wemhoener, Fabian Ochs, Samuel Breuss, Christina Betzold, Franziska Bockelmann, Joris Zimmermann&#8220;Heat pump integration in Positive Energy&#8230;<\/p>\n","protected":false},"author":9,"featured_media":0,"parent":0,"menu_order":0,"comment_status":"closed","ping_status":"closed","template":"","meta":{"_acf_changed":false,"_relevanssi_hide_post":"","_relevanssi_hide_content":"","_relevanssi_pin_for_all":"","_relevanssi_pin_keywords":"","_relevanssi_unpin_keywords":"","_relevanssi_related_keywords":"","_relevanssi_related_include_ids":"","_relevanssi_related_exclude_ids":"","_relevanssi_related_no_append":"","_relevanssi_related_not_related":"","_relevanssi_related_posts":"1329,1333,1384,581,1296,1388","_relevanssi_noindex_reason":"","footnotes":""},"class_list":["post-1151","page","type-page","status-publish","hentry"],"acf":[],"_links":{"self":[{"href":"https:\/\/heatpumpingtechnologies.org\/project61\/wp-json\/wp\/v2\/pages\/1151","targetHints":{"allow":["GET"]}}],"collection":[{"href":"https:\/\/heatpumpingtechnologies.org\/project61\/wp-json\/wp\/v2\/pages"}],"about":[{"href":"https:\/\/heatpumpingtechnologies.org\/project61\/wp-json\/wp\/v2\/types\/page"}],"author":[{"embeddable":true,"href":"https:\/\/heatpumpingtechnologies.org\/project61\/wp-json\/wp\/v2\/users\/9"}],"replies":[{"embeddable":true,"href":"https:\/\/heatpumpingtechnologies.org\/project61\/wp-json\/wp\/v2\/comments?post=1151"}],"version-history":[{"count":4,"href":"https:\/\/heatpumpingtechnologies.org\/project61\/wp-json\/wp\/v2\/pages\/1151\/revisions"}],"predecessor-version":[{"id":1696,"href":"https:\/\/heatpumpingtechnologies.org\/project61\/wp-json\/wp\/v2\/pages\/1151\/revisions\/1696"}],"wp:attachment":[{"href":"https:\/\/heatpumpingtechnologies.org\/project61\/wp-json\/wp\/v2\/media?parent=1151"}],"curies":[{"name":"wp","href":"https:\/\/api.w.org\/{rel}","templated":true}]}}