{"id":332,"date":"2023-12-20T09:55:26","date_gmt":"2023-12-20T09:55:26","guid":{"rendered":"https:\/\/heatpumpingtechnologies.org\/annex59\/?page_id=332"},"modified":"2025-09-04T12:04:43","modified_gmt":"2025-09-04T12:04:43","slug":"participants","status":"publish","type":"page","link":"https:\/\/heatpumpingtechnologies.org\/project59\/participants\/","title":{"rendered":"Participants"},"content":{"rendered":"<div class=\"container container--no-margin\">\n<p class=\"has-medium-font-size wp-block-paragraph \"><strong>AUSTRIA (Operating Agent)<\/strong><\/p>\n<\/div>\n\n<div class=\"container container--no-margin\">\n<p class=\"wp-block-paragraph \"><strong>Main contact<\/strong>: Verena Sulzgruber<br><strong>Affiliation<\/strong>: AIT Austrian Institute of Technology GmbH, Center for Energy<br><strong>E-Mail<\/strong>: verena.sulzgruber@ait.ac.at<br>More information on the Austrian team is provided <a href=\"https:\/\/heatpumpingtechnologies.org\/annex59\/participants\/austria\/\">here<\/a>.<\/p>\n<\/div>\n\n<div class=\"container container--no-margin\">\n<hr class=\"wp-block-separator has-alpha-channel-opacity\"\/>\n<\/div>\n\n<div class=\"container container--no-margin\">\n<p class=\"has-medium-font-size wp-block-paragraph \"><strong>CHINA<\/strong><\/p>\n<\/div>\n\n<div class=\"container container--no-margin\">\n<p class=\"wp-block-paragraph \"><strong>Main contact<\/strong>: Prof. Yang Luwei <br><strong>Affiliation<\/strong>: Chinese Academy of Sciences<br><strong>E-Mail<\/strong>: <a href=\"mailto:lwyang2002@mail.ipc.ac.cn\">lwyang2002@mail.ipc.ac.cn<\/a><br>More information on the Chinese team is provided <a href=\"https:\/\/heatpumpingtechnologies.org\/annex59\/participants\/china\/\">here<\/a>.<\/p>\n<\/div>\n\n<div class=\"container container--no-margin\">\n<hr class=\"wp-block-separator has-alpha-channel-opacity\"\/>\n<\/div>\n\n<div class=\"container container--no-margin\">\n<p class=\"has-medium-font-size wp-block-paragraph \"><strong>GERMANY<\/strong><\/p>\n<\/div>\n\n<div class=\"container container--no-margin\">\n<p class=\"wp-block-paragraph \"><strong>Main contact<\/strong>: Carsten Heinrich<br><strong>Affiliation<\/strong>: ILK Dresden, Institut f\u00fcr Luft- und K\u00e4ltetechnik gemeinn\u00fctzige Gesellschaft mbH, Bereich Angewandte Energietechnik<br><strong>E-Mail<\/strong>: <a href=\"mailto:Carsten.Heinrich@ilkdresden.de\">Carsten.Heinrich@ilkdresden.de<\/a><br>More information on the German team is provided <a href=\"https:\/\/heatpumpingtechnologies.org\/annex59\/participants\/germany\/\">here<\/a>.<\/p>\n<\/div>\n\n<div class=\"container container--no-margin\">\n<hr class=\"wp-block-separator has-alpha-channel-opacity\"\/>\n<\/div>\n\n<div class=\"container container--no-margin\">\n<p class=\"has-medium-font-size wp-block-paragraph \"><strong>SWEDEN<\/strong><\/p>\n<\/div>\n\n<div class=\"container container--no-margin\">\n<p class=\"wp-block-paragraph \"><strong>Main contact<\/strong>: Metkel Yebiyo<br><strong>Affiliation<\/strong>: RI.SE The Research Institute of Sweden<br><strong>E-Mail<\/strong>: <a href=\"mailto:metkel.yebiyo@ri.se\">metkel.yebiyo@ri.se<\/a> <br>More information on the Swedish team is provided <a href=\"https:\/\/heatpumpingtechnologies.org\/annex59\/participants\/sweden\/\">here<\/a>.<\/p>\n<\/div>\n\n<div class=\"container container--no-margin\">\n<hr class=\"wp-block-separator has-alpha-channel-opacity\"\/>\n<\/div>\n\n<div class=\"container container--no-margin\">\n<p class=\"has-medium-font-size wp-block-paragraph \"><strong>SWITZERLAND<\/strong><\/p>\n<\/div>\n\n<div class=\"container container--no-margin\">\n<p class=\"wp-block-paragraph \"><strong>Main contact<\/strong>: Cordin Arpagaus<br><strong>Affiliation<\/strong>: OST &#8211; Eastern Switzerland University of Applied Sciences; Institute for Energy Systems<br><strong>E-Mail<\/strong>: <a href=\"mailto:cordin.arpagaus@ost.ch\">cordin.arpagaus@ost.ch<\/a><br>More information on the Swiss team is provided <a href=\"https:\/\/heatpumpingtechnologies.org\/annex59\/participants\/switzerland\/\">here<\/a>.<\/p>\n<\/div>\n\n<div class=\"container container--no-margin\">\n<hr class=\"wp-block-separator has-alpha-channel-opacity\"\/>\n<\/div>\n\n<div class=\"container container--no-margin\">\n<p class=\"has-medium-font-size wp-block-paragraph \"><strong>USA<\/strong><\/p>\n<\/div>\n\n<div class=\"container container--no-margin\">\n<p class=\"wp-block-paragraph \"><strong>Main contact<\/strong>: Kashif Nawaz <br><strong>Affiliation<\/strong>: Oak Ridge National Laboratory<br><strong>E-Mail<\/strong>: <a href=\"mailto:nawazk@ornl.gov\">nawazk@ornl.gov<\/a><br>More information on the US-team is provided <a href=\"https:\/\/heatpumpingtechnologies.org\/annex59\/participants\/united-states-of-america-usa\/\">here<\/a>.<\/p>\n<\/div>\n\n<div class=\"container container--no-margin\">\n<hr class=\"wp-block-separator has-alpha-channel-opacity\"\/>\n<\/div>\n\n<div class=\"container container--no-margin\">\n<p class=\"has-medium-font-size wp-block-paragraph \"><strong>NORWAY<\/strong><\/p>\n<\/div>\n\n<div class=\"container container--no-margin\">\n<p class=\"wp-block-paragraph \"><strong>Main contact<\/strong>: Elisa Magnanelli<br><strong>Affilitation<\/strong>: SINTEF Energy Research, Department of Thermal Energy<br><strong>E-Mail<\/strong>: <a href=\"mailto:Elisa.Magnanelli@sintef.no\">Elisa.Magnanelli@sintef.no<\/a><br>More information on the Norwegian team is provided <a href=\"https:\/\/heatpumpingtechnologies.org\/annex59\/participants\/norway\/\">here<\/a>.<\/p>\n<\/div>\n\n<div class=\"container container--no-margin\">\n<p class=\"wp-block-paragraph \"><\/p>\n<\/div>","protected":false},"excerpt":{"rendered":"<p>AUSTRIA (Operating Agent) Main contact: Verena SulzgruberAffiliation: AIT Austrian Institute of Technology GmbH, Center for EnergyE-Mail: verena.sulzgruber@ait.ac.atMore information on the&#8230;<\/p>\n","protected":false},"author":34,"featured_media":0,"parent":0,"menu_order":4,"comment_status":"closed","ping_status":"closed","template":"","meta":{"_acf_changed":false,"_relevanssi_hide_post":"","_relevanssi_hide_content":"","_relevanssi_pin_for_all":"","_relevanssi_pin_keywords":"","_relevanssi_unpin_keywords":"","_relevanssi_related_keywords":"","_relevanssi_related_include_ids":"","_relevanssi_related_exclude_ids":"","_relevanssi_related_no_append":"","_relevanssi_related_not_related":"","_relevanssi_related_posts":"301,274,239,454,312,276","_relevanssi_noindex_reason":"","footnotes":""},"class_list":["post-332","page","type-page","status-publish","hentry"],"acf":[],"_links":{"self":[{"href":"https:\/\/heatpumpingtechnologies.org\/project59\/wp-json\/wp\/v2\/pages\/332","targetHints":{"allow":["GET"]}}],"collection":[{"href":"https:\/\/heatpumpingtechnologies.org\/project59\/wp-json\/wp\/v2\/pages"}],"about":[{"href":"https:\/\/heatpumpingtechnologies.org\/project59\/wp-json\/wp\/v2\/types\/page"}],"author":[{"embeddable":true,"href":"https:\/\/heatpumpingtechnologies.org\/project59\/wp-json\/wp\/v2\/users\/34"}],"replies":[{"embeddable":true,"href":"https:\/\/heatpumpingtechnologies.org\/project59\/wp-json\/wp\/v2\/comments?post=332"}],"version-history":[{"count":4,"href":"https:\/\/heatpumpingtechnologies.org\/project59\/wp-json\/wp\/v2\/pages\/332\/revisions"}],"predecessor-version":[{"id":543,"href":"https:\/\/heatpumpingtechnologies.org\/project59\/wp-json\/wp\/v2\/pages\/332\/revisions\/543"}],"wp:attachment":[{"href":"https:\/\/heatpumpingtechnologies.org\/project59\/wp-json\/wp\/v2\/media?parent=332"}],"curies":[{"name":"wp","href":"https:\/\/api.w.org\/{rel}","templated":true}]}}