{"id":488,"date":"2023-04-25T22:44:38","date_gmt":"2023-04-25T22:44:38","guid":{"rendered":"https:\/\/heatpumpingtechnologies.org\/annex56\/?page_id=488"},"modified":"2023-04-25T23:33:53","modified_gmt":"2023-04-25T23:33:53","slug":"sweden","status":"publish","type":"page","link":"https:\/\/heatpumpingtechnologies.org\/project56\/participants\/sweden\/","title":{"rendered":"Sweden"},"content":{"rendered":"<div class=\"container container--no-margin\">\n<h3 class=\"wp-block-heading\">National team:<\/h3>\n<\/div>\n\n<div class=\"container container--no-margin\">\n<ul class=\"wp-block-list\">\n<li>KTH, Royal Institute of Technology, Department of Energy Technology<\/li>\n\n\n\n<li>RISE, Research Institute of Sweden<\/li>\n<\/ul>\n<\/div>\n\n<div class=\"container container--no-margin\">\n<h3 class=\"wp-block-heading\"><strong>Research work related to IoT and heat pumps:<\/strong><\/h3>\n<\/div>\n\n<div class=\"container container--no-margin\">\n<h4 class=\"wp-block-heading\">KTH, Royal Institute of Technology, Department of Energy Technology<\/h4>\n<\/div>\n\n<div class=\"container container--no-margin\">\n<p class=\"wp-block-paragraph \"><strong>KTH Energy Technology Department (EGI)<\/strong>&nbsp;promotes the transition of the energy sector towards sustainability with a broad spectrum of research studies ranging from fundamental heat transfer research at a nano-scale level to energy system optimization at the city level. &nbsp;KTH EGI has long experience in research and development of heat pump systems, components, and control carried out in close collaboration with the heat pump industry. KTH EGI has active interest in IoT and digitalization of heat pump systems through dedicated research studies on heat pump system design, modeling, control strategies and fault detection carried out with national and international partners. Current research projects involving data-driven modeling aim at providing innovative solutions for monitoring and control of heat pump systems.<\/p>\n<\/div>\n\n<div class=\"container container--no-margin\">\n<h4 class=\"wp-block-heading\">RISE, Research Institute of Sweden<\/h4>\n<\/div>\n\n<div class=\"container container--no-margin\">\n<p class=\"wp-block-paragraph \"><strong>Research Institute of Sweden (RISE)<\/strong>&nbsp;is an independent, state-owned research institute. &nbsp;As an innovation partner for every part of society, we help develop technologies, products, services and processes that contribute to a sustainable world and a competitive business community. &nbsp;We do this in collaboration with and on behalf of companies, academia and the public sector. &nbsp;We also have a special focus on supporting small and medium-sized enterprises in their innovation processes. &nbsp;RISE has 2800 employees and over 100 laboratories and testbeds. &nbsp;RISE has a very long experience of research, development, demonstration, testing, inspection and certification of products and systems for the heating and cooling sector, including heat pumps, products and systems for district heating and cooling such as pipes, substations, valves. &nbsp;RISE was the first laboratory in Europe accredited for the testing of heat pumps, developed national quality label schemes, and was also deeply involved in establishing harmonized standardization schemes on the European level for heat pumps.<\/p>\n<\/div>\n\n<div class=\"container container--no-margin\">\n<p class=\"wp-block-paragraph \">Furthermore, RISE has operated the IEA Heat Pumps Centre since 2004 with 17 member countries and many ongoing international Research Projects. &nbsp;RISE is also together with other Swedish partners involved as a research partner in the global joint R&amp;D projects. &nbsp;RISE is engaged in research projects of high relevance for Annex 56 on national, European, and international levels.<\/p>\n<\/div>\n\n<div class=\"container container--no-margin\">\n<h3 class=\"wp-block-heading\"><strong>Links to institutes and research projects:<\/strong><\/h3>\n<\/div>\n\n<div class=\"container container--no-margin\">\n<ul class=\"wp-block-list\">\n<li>KTH, Royal Institute of Technology:&nbsp;<a href=\"https:\/\/www.dti.dk\/\"><strong>Kungliga Tekniska H\u00f6gskolan (kth.se)<\/strong><\/a><\/li>\n\n\n\n<li>KTH Energy Technology Department:&nbsp;<a href=\"https:\/\/www.energy.kth.se\/\"><strong>KTH EGI<\/strong><\/a><\/li>\n\n\n\n<li>Research project:&nbsp;<a href=\"https:\/\/www.energy.kth.se\/applied-thermodynamics\/projects\/smarta-kontrollstrategier-for-varmepumpsystem-1.669013\"><strong>Smart Control Strategies for Heat Pump Systems<\/strong><\/a><\/li>\n\n\n\n<li>Research project:&nbsp;<a href=\"https:\/\/www.energy.kth.se\/applied-thermodynamics\/projects\/data-driven-lab-for-building-energy-systems-1.993090\"><strong>Data driven lab for building energy systems<\/strong><\/a><\/li>\n\n\n\n<li>RISE Research Institute of Sweden:&nbsp;<a href=\"https:\/\/www.ri.se\/\"><strong>RISE (ri.se)<\/strong><\/a><\/li>\n\n\n\n<li>Research project: Storskalig laststyrning av v\u00e4rmepumpar i eln\u00e4tet (large scale electrical grid flexibility control of heat pumps)<\/li>\n\n\n\n<li>Research project: Flexible Heat &amp; Power<\/li>\n\n\n\n<li>Research project: Grid Flexible Heat Pumps<\/li>\n\n\n\n<li>Research project: &nbsp;Flexibilitet genom anv\u00e4ndning av v\u00e4rmepumpar i termiska n\u00e4t<\/li>\n\n\n\n<li>Research project: Standard f\u00f6r laststyrning av v\u00e4rmepumpar<\/li>\n<\/ul>\n<\/div>\n\n<div class=\"container container--no-margin\">\n<h3 class=\"wp-block-heading\"><strong>Contacts:<\/strong><\/h3>\n<\/div>\n\n<div class=\"container container--no-margin\">\n<p class=\"wp-block-paragraph \"><a href=\"mailto:davide.rolando@energy.kth.se\">Davide Rolando<\/a>, Researcher, KTH Energy Technology Department, email:&nbsp;<a href=\"mailto:davide.rolando@energy.kth.se\">davide.rolando@energy.kth.se&nbsp;<\/a><\/p>\n<\/div>\n\n<div class=\"container container--no-margin\">\n<p class=\"wp-block-paragraph \"><a href=\"mailto:hatef.madani@energy.kth.se\">Hatef Madani<\/a>, Associate Professor, KTH Energy Technology Department, email:&nbsp;<a href=\"mailto:hatef.madani@energy.kth.se\">hatef.madani@energy.kth.se<\/a><\/p>\n<\/div>\n\n<div class=\"container container--no-margin\">\n<p class=\"wp-block-paragraph \"><a href=\"mailto:tommy.walfridson@ri.se\">Tommy Walfridson<\/a>, Researcher, RISE Research Institute of Sweden, email:&nbsp;<a href=\"mailto:tommy.walfridson@ri.se\">tommy.walfridson@ri.se<\/a><\/p>\n<\/div>\n\n<div class=\"container container--no-margin\">\n<p class=\"wp-block-paragraph \"><a href=\"mailto:metkel.yebiyo@ri.se\">Metkel Yebiyo<\/a>, Researcher, RISE Research Institute of Sweden, email:&nbsp;<a href=\"mailto:metkel.yebiyo@ri.se\">metkel.yebiyo@ri.se<\/a><\/p>\n<\/div>","protected":false},"excerpt":{"rendered":"<p>National team: Research work related to IoT and heat pumps: KTH, Royal Institute of Technology, Department of Energy Technology KTH&#8230;<\/p>\n","protected":false},"author":31,"featured_media":0,"parent":509,"menu_order":5,"comment_status":"closed","ping_status":"closed","template":"","meta":{"_acf_changed":false,"_relevanssi_hide_post":"","_relevanssi_hide_content":"","_relevanssi_pin_for_all":"","_relevanssi_pin_keywords":"","_relevanssi_unpin_keywords":"","_relevanssi_related_keywords":"","_relevanssi_related_include_ids":"","_relevanssi_related_exclude_ids":"","_relevanssi_related_no_append":"","_relevanssi_related_not_related":"","_relevanssi_related_posts":"","_relevanssi_noindex_reason":"","footnotes":""},"class_list":["post-488","page","type-page","status-publish","hentry"],"acf":[],"_links":{"self":[{"href":"https:\/\/heatpumpingtechnologies.org\/project56\/wp-json\/wp\/v2\/pages\/488","targetHints":{"allow":["GET"]}}],"collection":[{"href":"https:\/\/heatpumpingtechnologies.org\/project56\/wp-json\/wp\/v2\/pages"}],"about":[{"href":"https:\/\/heatpumpingtechnologies.org\/project56\/wp-json\/wp\/v2\/types\/page"}],"author":[{"embeddable":true,"href":"https:\/\/heatpumpingtechnologies.org\/project56\/wp-json\/wp\/v2\/users\/31"}],"replies":[{"embeddable":true,"href":"https:\/\/heatpumpingtechnologies.org\/project56\/wp-json\/wp\/v2\/comments?post=488"}],"version-history":[{"count":2,"href":"https:\/\/heatpumpingtechnologies.org\/project56\/wp-json\/wp\/v2\/pages\/488\/revisions"}],"predecessor-version":[{"id":541,"href":"https:\/\/heatpumpingtechnologies.org\/project56\/wp-json\/wp\/v2\/pages\/488\/revisions\/541"}],"up":[{"embeddable":true,"href":"https:\/\/heatpumpingtechnologies.org\/project56\/wp-json\/wp\/v2\/pages\/509"}],"wp:attachment":[{"href":"https:\/\/heatpumpingtechnologies.org\/project56\/wp-json\/wp\/v2\/media?parent=488"}],"curies":[{"name":"wp","href":"https:\/\/api.w.org\/{rel}","templated":true}]}}