{"id":228,"date":"2017-11-08T13:48:17","date_gmt":"2017-11-08T13:48:17","guid":{"rendered":"https:\/\/heatpumpingtechnologies.org\/annex49\/?page_id=228"},"modified":"2021-04-25T11:57:13","modified_gmt":"2021-04-25T11:57:13","slug":"germany","status":"publish","type":"page","link":"https:\/\/heatpumpingtechnologies.org\/annex49\/sample-page\/participants\/germany\/","title":{"rendered":"Germany"},"content":{"rendered":"<div class=\"container container--no-margin classic-editor\"><img loading=\"lazy\" decoding=\"async\" class=\"size-large wp-image-235 alignleft\" src=\"\/annex49\/content\/uploads\/sites\/55\/2017\/11\/headergermany-1024x148.jpg\" alt=\"\" width=\"1024\" height=\"148\" srcset=\"https:\/\/heatpumpingtechnologies.org\/content\/uploads\/sites\/55\/2017\/11\/headergermany-1024x148.jpg 1024w, https:\/\/heatpumpingtechnologies.org\/content\/uploads\/sites\/55\/2017\/11\/headergermany-300x43.jpg 300w, https:\/\/heatpumpingtechnologies.org\/content\/uploads\/sites\/55\/2017\/11\/headergermany-768x111.jpg 768w, https:\/\/heatpumpingtechnologies.org\/content\/uploads\/sites\/55\/2017\/11\/headergermany-400x58.jpg 400w, https:\/\/heatpumpingtechnologies.org\/content\/uploads\/sites\/55\/2017\/11\/headergermany.jpg 1032w\" sizes=\"auto, (max-width: 1024px) 100vw, 1024px\" \/><\/p>\n<p>&nbsp;<\/p>\n<p>&nbsp;<\/p>\n<p>Germany is represented by the Energy Campus N\u00fcrnberg (EnCN) Building &#8211; Energy efficient systems of the Technische Hochschule N\u00fcrnberg Georg Simon Ohm, the Institute of Building Services and Energy Design (IGS) of the Technische Universit\u00e4t Braunschweig and the Engineering Company TEB GmbH.<\/p>\n<hr \/>\n<table>\n<colgroup>\n<col width=\"80%\" \/>\n<col width=\"20%\" \/> <\/colgroup>\n<tbody>\n<tr>\n<td>\n<h4>National team leader<\/h4>\n<p><strong>Prof. Dr.-Ing. Arno Dentel<\/strong><br \/>\nTechnische Hochschule N\u00fcrnberg Georg Simon Ohm<br \/>\nEnCN Building &#8211; Energy-efficient systems<br \/>\nF\u00fcrtherstrasse 250<br \/>\nD-90429 Nuremberg, Germany<br \/>\nPhone: +49-(0)911-5880-3121<br \/>\nFax: +49-(0)911-5880-7120<br \/>\nEmail: <a class=\"mail\" title=\"Opens window for sending email\">Arno.Dentel(at)th-nuernberg.de<\/a><br \/>\nInternet: <a href=\"http:\/\/www.th-nuernberg.de\/\" target=\"_blank\" rel=\"noopener\">http:\/\/www.th-nuernberg.de<\/a><\/td>\n<td><img loading=\"lazy\" decoding=\"async\" class=\"size-full wp-image-229 alignright\" src=\"\/annex49\/content\/uploads\/sites\/55\/2017\/11\/logoenergiecampus.jpg\" alt=\"\" width=\"155\" height=\"42\" srcset=\"https:\/\/heatpumpingtechnologies.org\/content\/uploads\/sites\/55\/2017\/11\/logoenergiecampus.jpg 155w, https:\/\/heatpumpingtechnologies.org\/content\/uploads\/sites\/55\/2017\/11\/logoenergiecampus-150x42.jpg 150w\" sizes=\"auto, (max-width: 155px) 100vw, 155px\" \/> <img loading=\"lazy\" decoding=\"async\" class=\"size-large wp-image-230 alignright\" src=\"\/annex49\/content\/uploads\/sites\/55\/2017\/11\/logothnuernberg.jpg\" alt=\"\" width=\"155\" height=\"29\" srcset=\"https:\/\/heatpumpingtechnologies.org\/content\/uploads\/sites\/55\/2017\/11\/logothnuernberg.jpg 155w, https:\/\/heatpumpingtechnologies.org\/content\/uploads\/sites\/55\/2017\/11\/logothnuernberg-150x29.jpg 150w\" sizes=\"auto, (max-width: 155px) 100vw, 155px\" \/><\/td>\n<\/tr>\n<tr>\n<td><\/td>\n<td><\/td>\n<\/tr>\n<tr>\n<td>\n<h4>National team<\/h4>\n<p><strong>Christina Betzold<\/strong><br \/>\nTechnische Hochschule N\u00fcrnberg Georg Simon Ohm<br \/>\nEnCN Building &#8211; Energy-efficient systems<br \/>\nF\u00fcrtherstrasse 250<br \/>\nD-90429 Nuremberg, Germany<br \/>\nTel: +49-(0)911-5880-3123<br \/>\nFax: +49-(0)911-5880-7120<br \/>\nEmail: <a>Christina.Betzold(at)th-nuernberg.de<\/a><br \/>\nInternet: <a href=\"http:\/\/www.th-nuernberg.de\/\" target=\"_blank\" rel=\"noopener\">http:\/\/www.th-nuernberg.de<\/a><br \/>\n<a href=\"http:\/\/www.encn.de\/\" target=\"_blank\" rel=\"noopener\">http:\/\/www.encn.de<\/a><\/td>\n<td><img loading=\"lazy\" decoding=\"async\" class=\"size-full wp-image-229 alignright\" src=\"\/annex49\/content\/uploads\/sites\/55\/2017\/11\/logoenergiecampus.jpg\" alt=\"\" width=\"155\" height=\"42\" srcset=\"https:\/\/heatpumpingtechnologies.org\/content\/uploads\/sites\/55\/2017\/11\/logoenergiecampus.jpg 155w, https:\/\/heatpumpingtechnologies.org\/content\/uploads\/sites\/55\/2017\/11\/logoenergiecampus-150x42.jpg 150w\" sizes=\"auto, (max-width: 155px) 100vw, 155px\" \/> <img loading=\"lazy\" decoding=\"async\" class=\"size-large wp-image-230 alignright\" src=\"\/annex49\/content\/uploads\/sites\/55\/2017\/11\/logothnuernberg.jpg\" alt=\"\" width=\"155\" height=\"29\" srcset=\"https:\/\/heatpumpingtechnologies.org\/content\/uploads\/sites\/55\/2017\/11\/logothnuernberg.jpg 155w, https:\/\/heatpumpingtechnologies.org\/content\/uploads\/sites\/55\/2017\/11\/logothnuernberg-150x29.jpg 150w\" sizes=\"auto, (max-width: 155px) 100vw, 155px\" \/><\/td>\n<\/tr>\n<tr>\n<td><strong>Franziska Bockelmann<\/strong><br \/>\nSteinbeis-Innovationszentrum energie+ (SIZ energie+)<br \/>\nM\u00fchlenpfordtstr. 23<br \/>\nD-38106 Braunschweig, Germany<br \/>\nTel: +49 531 391 3557<br \/>\nFax: +49 531 391 8125<br \/>\nEmail: <a>franziska.bockelmann(at)stw.de<\/a><br \/>\nInternet: <a href=\"https:\/\/siz-energie-plus.de\/\" target=\"_blank\" rel=\"noopener\">https:\/\/siz-energie-plus.de<\/a><\/td>\n<td><img loading=\"lazy\" decoding=\"async\" class=\"alignnone size-medium wp-image-803\" src=\"\/\/staging.heatpumpingtechnologies.hemsida.eu\/annex49\/content\/uploads\/sites\/55\/2020\/08\/logosizenergieplus-300x53.jpg\" alt=\"\" width=\"300\" height=\"53\" srcset=\"https:\/\/heatpumpingtechnologies.org\/content\/uploads\/sites\/55\/2020\/08\/logosizenergieplus-300x53.jpg 300w, https:\/\/heatpumpingtechnologies.org\/content\/uploads\/sites\/55\/2020\/08\/logosizenergieplus.jpg 335w\" sizes=\"auto, (max-width: 300px) 100vw, 300px\" \/><\/td>\n<\/tr>\n<tr>\n<td><strong>Dr. Thomas Dippel<\/strong><br \/>\nTEB &#8211; Transferzentrum Energieeffizientes Bauen GmbH<br \/>\nKehlstr. 27\/1<br \/>\nD-71665 Vaihingen\/Enz, Germany<br \/>\nTel: +49-(0)7042-37004-0<br \/>\nFax: +49-(0)7042-37004-49<br \/>\nEmail: <a>dippel(at)teb-online.de<\/a><br \/>\nInternet: <a href=\"http:\/\/www.teb-online.de\/\" target=\"_blank\" rel=\"noopener\">http:\/\/www.teb-online.de<\/a><\/td>\n<td><img loading=\"lazy\" decoding=\"async\" class=\"size-full wp-image-232 alignright\" src=\"\/annex49\/content\/uploads\/sites\/55\/2017\/11\/logoteb.jpg\" alt=\"\" width=\"80\" height=\"63\" \/><\/td>\n<\/tr>\n<tr>\n<td><\/td>\n<td><\/td>\n<\/tr>\n<tr>\n<td>\n<h4>National links<\/h4>\n<p><strong>Bundesverband W\u00e4rmepumpe<\/strong><br \/>\nThe website provides information about heat pumps<br \/>\nand contact information to members.<br \/>\nInformation in German at:<br \/>\n<a href=\"http:\/\/www.waermepumpe.de\/\" target=\"_blank\" rel=\"noopener\">http:\/\/www.waermepumpe.de<\/a><\/td>\n<td><img loading=\"lazy\" decoding=\"async\" class=\"size-full wp-image-233 alignright\" src=\"\/annex49\/content\/uploads\/sites\/55\/2017\/11\/logobwp.jpg\" alt=\"\" width=\"100\" height=\"28\" \/><\/td>\n<\/tr>\n<tr>\n<td><\/td>\n<td><\/td>\n<\/tr>\n<\/tbody>\n<\/table>\n<\/div>\n","protected":false},"excerpt":{"rendered":"<p>&nbsp; &nbsp; Germany is represented by the Energy Campus N\u00fcrnberg (EnCN) Building &#8211; Energy efficient systems of the Technische Hochschule&#8230;<\/p>\n","protected":false},"author":3,"featured_media":0,"parent":128,"menu_order":20,"comment_status":"closed","ping_status":"closed","template":"","meta":{"_acf_changed":false,"_relevanssi_hide_post":"","_relevanssi_hide_content":"","_relevanssi_pin_for_all":"","_relevanssi_pin_keywords":"","_relevanssi_unpin_keywords":"","_relevanssi_related_keywords":"","_relevanssi_related_include_ids":"","_relevanssi_related_exclude_ids":"","_relevanssi_related_no_append":"","_relevanssi_related_not_related":"","_relevanssi_related_posts":"","_relevanssi_noindex_reason":"","footnotes":""},"class_list":["post-228","page","type-page","status-publish","hentry"],"acf":[],"_links":{"self":[{"href":"https:\/\/heatpumpingtechnologies.org\/annex49\/wp-json\/wp\/v2\/pages\/228","targetHints":{"allow":["GET"]}}],"collection":[{"href":"https:\/\/heatpumpingtechnologies.org\/annex49\/wp-json\/wp\/v2\/pages"}],"about":[{"href":"https:\/\/heatpumpingtechnologies.org\/annex49\/wp-json\/wp\/v2\/types\/page"}],"author":[{"embeddable":true,"href":"https:\/\/heatpumpingtechnologies.org\/annex49\/wp-json\/wp\/v2\/users\/3"}],"replies":[{"embeddable":true,"href":"https:\/\/heatpumpingtechnologies.org\/annex49\/wp-json\/wp\/v2\/comments?post=228"}],"version-history":[{"count":4,"href":"https:\/\/heatpumpingtechnologies.org\/annex49\/wp-json\/wp\/v2\/pages\/228\/revisions"}],"predecessor-version":[{"id":863,"href":"https:\/\/heatpumpingtechnologies.org\/annex49\/wp-json\/wp\/v2\/pages\/228\/revisions\/863"}],"up":[{"embeddable":true,"href":"https:\/\/heatpumpingtechnologies.org\/annex49\/wp-json\/wp\/v2\/pages\/128"}],"wp:attachment":[{"href":"https:\/\/heatpumpingtechnologies.org\/annex49\/wp-json\/wp\/v2\/media?parent=228"}],"curies":[{"name":"wp","href":"https:\/\/api.w.org\/{rel}","templated":true}]}}