{"id":128,"date":"2016-08-31T08:34:10","date_gmt":"2016-08-31T08:34:10","guid":{"rendered":"https:\/\/heatpumpingtechnologies.org\/annex51\/?page_id=128"},"modified":"2016-10-24T14:25:19","modified_gmt":"2016-10-24T14:25:19","slug":"participants","status":"publish","type":"page","link":"https:\/\/heatpumpingtechnologies.org\/annex43\/sample-page\/participants\/","title":{"rendered":"Participants"},"content":{"rendered":"<div class=\"container container--no-margin classic-editor\">\n<table width=\"693\">\n<thead>\n<tr>\n<td width=\"71\"><strong>Country<\/strong><\/td>\n<td width=\"94\"><strong>Organisation<\/strong><\/td>\n<td width=\"17\"><strong>\u00a0<\/strong><\/td>\n<td width=\"140\"><strong>Participant\/<br \/>\nE-Mail<\/strong><\/td>\n<td width=\"17\"><strong>\u00a0<\/strong><\/td>\n<td width=\"341\"><strong>Contact<\/strong><\/td>\n<\/tr>\n<\/thead>\n<tbody>\n<tr>\n<td width=\"71\"><strong>Austria<\/strong><\/td>\n<td width=\"94\"><a href=\"http:\/\/www.ait.ac.at\">AIT<\/a><\/td>\n<td width=\"17\">&nbsp;<\/td>\n<td width=\"140\"><a href=\"mailto:thomas.fleckl@ait.ac.at\">Thomas Fleckl<\/a><\/td>\n<td width=\"17\">&nbsp;<\/td>\n<td width=\"341\">AIT Austrian Institute of Technology GmbH<br \/>\nGiefinggasse 2, 1210 Vienna, Austria<br \/>\nPhone: +43 50 550 6616; Fax +43 50 550 6679<\/td>\n<\/tr>\n<tr>\n<td width=\"71\"><\/td>\n<td width=\"94\"><a href=\"http:\/\/www.iwt.tugraz.at\">TU Graz<\/a><\/td>\n<td width=\"17\">&nbsp;<\/td>\n<td width=\"140\"><a href=\"mailto:rene.rieberer@tugraz.at\">Rene Rieberer<\/a><\/td>\n<td width=\"17\">&nbsp;<\/td>\n<td width=\"341\">Technische Universit\u00e4t Graz<br \/>\nInstitut f\u00fcr W\u00e4rmetechnik<br \/>\nInffeldgasse 25\/B, 8010 Graz, Austria<br \/>\nPhone: +43 316 873 7302; Fax +43 316 873 7305<\/td>\n<\/tr>\n<tr>\n<td width=\"71\"><strong>France<\/strong><\/td>\n<td width=\"94\"><a href=\"http:\/\/www.boostheat.com\">boostHEAT<\/a><\/td>\n<td width=\"17\">&nbsp;<\/td>\n<td width=\"140\"><a href=\"mailto:George.Husni@boostheat.com\">George Husni<\/a><\/td>\n<td width=\"17\">&nbsp;<\/td>\n<td width=\"341\">boostHEAT SA<br \/>\n41-47 Boulevard Marcel Sembat, 69200 V\u00e9nissieux, France<br \/>\nPhone: +33 4 4821 6051<\/td>\n<\/tr>\n<tr>\n<td width=\"71\"><\/td>\n<td width=\"94\"><a href=\"http:\/\/www.gdfsuez.com\">Engie SA<\/a><\/td>\n<td width=\"17\">&nbsp;<\/td>\n<td width=\"140\"><a href=\"mailto:pierre.desenfant@gdfsuez.fr\">Pierre Desenfant<\/a><\/td>\n<td width=\"17\">&nbsp;<\/td>\n<td width=\"341\">Engie SA<br \/>\nDirection de la Recherche et de l&#8217;Innovation (CRIGEN)<br \/>\nP\u00f4le Solutions Energ\u00e9tiques pour le R\u00e9sidentiel et le Tertiaire<br \/>\n361, avenue du pr\u00e9sident Wilson, BP 33, 93210 Saint-Denis La Plaine, France<br \/>\nPhone. +33 149224772; Fax: +33 650229920<\/td>\n<\/tr>\n<tr>\n<td width=\"71\"><strong>Germany<\/strong><\/td>\n<td width=\"94\"><a href=\"https:\/\/www.junkers.com\">Bosch Thermotechnik GmbH<\/a><\/td>\n<td width=\"17\">&nbsp;<\/td>\n<td width=\"140\"><a href=\"mailto:Axel.Albers@de.bosch.com\">Axel Albers<\/a><\/td>\n<td width=\"17\">&nbsp;<\/td>\n<td width=\"341\">Bosch Thermotechnik GmbH<br \/>\nJunkers Deutschland<br \/>\nJunkersstrasse 20, 73249 Wernau (Neckar), Germany<br \/>\nPhone: +49 7153 306 1418<\/td>\n<\/tr>\n<tr>\n<td width=\"71\"><\/td>\n<td width=\"94\"><a href=\"http:\/\/www.ise.fraunhofer.de\/de\">Fraunhofer ISE<\/a><\/td>\n<td width=\"17\">&nbsp;<\/td>\n<td width=\"140\"><a href=\"mailto:peter.schossig@ise.fraunhofer.de\">Peter Schossig<\/a><br \/>\nOperating Agent<\/p>\n<p><a href=\"mailto:bettina.greiner@ise.fraunhofer.de\">Bettina Greiner<\/a><br \/>\nAdministrative Assistant<\/td>\n<td width=\"17\">&nbsp;<\/td>\n<td width=\"341\">Fraunhofer-Institut f\u00fcr Solare Energiesysteme ISE<br \/>\nHeidenhofstrasse 2, 79110 Freiburg, Germany<br \/>\nPhone: +49 761 4588 5130; Fax: -9130<\/p>\n<p>Phone: +49 761 4588 5746; Fax: -9746<\/td>\n<\/tr>\n<tr>\n<td width=\"71\"><\/td>\n<td width=\"94\"><a href=\"http:\/\/www.viessmann.de\">Viessmann Werke<\/a><\/td>\n<td width=\"17\">&nbsp;<\/td>\n<td width=\"140\"><a href=\"mailto:HofP@viessmann.com\">Peter H\u00f6fle<\/a><\/td>\n<td width=\"17\">&nbsp;<\/td>\n<td width=\"341\">Viessmann Werke<br \/>\nViessmannstrasse 1, 35108 Allendorf (Eder), Germany<br \/>\nPhone: +49 6452 70 2107; Fax: +49 6452 70 5107<\/td>\n<\/tr>\n<tr>\n<td width=\"71\"><strong>Italy<\/strong><\/td>\n<td width=\"94\"><a href=\"http:\/\/www.itae.cnr.it\/\">CNR ITAE<\/a><\/td>\n<td width=\"17\">&nbsp;<\/td>\n<td width=\"140\"><a href=\"mailto:andrea.frazzica@itae.cnr.it\">Andrea Frazzica<\/a><\/td>\n<td width=\"17\">&nbsp;<\/td>\n<td width=\"341\">Consiglio Nazionale delle Ricerche (CNR)<br \/>\nIstituto di Tecnologie Avanzate per l&#8217;Energia &#8220;Nicola Giordano&#8221; (ITAE)<br \/>\nS. Lucia sopra Contesse, 98126 Messina, Italy<br \/>\nPhone: +39 090 62 4243; Fax: +39 090 62 4247<\/td>\n<\/tr>\n<tr>\n<td width=\"71\"><\/td>\n<td width=\"94\"><a href=\"http:\/\/www.polimi.it\">POLIMI<\/a><\/td>\n<td width=\"17\">&nbsp;<\/td>\n<td width=\"140\"><a href=\"mailto:patrizia.melograno@polimi.it\">Patrizia Melograno<\/a><\/td>\n<td width=\"17\">&nbsp;<\/td>\n<td width=\"341\">Politecnico di Milano (POLIMI)<br \/>\nDipartimento di Energia<br \/>\nVia Lambruschini 4, 20156 Milano, Italy<br \/>\nPhone: +39 4376620151; Fax:+39 80057930150<\/td>\n<\/tr>\n<tr>\n<td width=\"71\"><strong>Korea<\/strong><\/td>\n<td width=\"94\"><a href=\"http:\/\/www.kier.re.kr\/eng\">Korea Institute of Energy Research<\/a><\/td>\n<td width=\"17\">&nbsp;<\/td>\n<td width=\"140\"><a href=\"mailto:giblee@kier.re.kr\">Gilbong Lee<\/a><\/td>\n<td width=\"17\">&nbsp;<\/td>\n<td width=\"341\">Korea Institute of Energy Research<br \/>\n152, Gajeong-ro, Yuseong-gu, Daejeon, 305-343, Korea<\/td>\n<\/tr>\n<tr>\n<td width=\"71\"><strong>Sweden<\/strong><\/td>\n<td width=\"94\"><a href=\"http:\/\/www.alfalaval.com\">Alfa Laval<\/a><\/td>\n<td width=\"17\">&nbsp;<\/td>\n<td width=\"140\"><a href=\"mailto:matsr.nilsson@alfalaval.com\">Mats Nilsson<\/a><\/td>\n<td width=\"17\">&nbsp;<\/td>\n<td width=\"341\">Alfa Laval Corporate AB<br \/>\nRudeboksv\u00e4gen 1, 226 55 Lund, Sweden<br \/>\nPhone: +46 46 36 6500<\/td>\n<\/tr>\n<tr>\n<td width=\"71\"><\/td>\n<td width=\"94\"><a href=\"https:\/\/www.kth.se\">KTH<\/a><\/td>\n<td width=\"17\">&nbsp;<\/td>\n<td width=\"140\"><a href=\"mailto:viktoria.martin@energy.kth.se\">Viktoria Martin<\/a><\/td>\n<td width=\"17\">&nbsp;<\/td>\n<td width=\"341\">KTH Royal Institute of Technology<br \/>\nBrinellv\u00e4gen 68, 100 44 Stockholm, Sweden<br \/>\nPhone: +46 8 790 74 84<\/td>\n<\/tr>\n<tr>\n<td width=\"71\"><\/td>\n<td width=\"94\"><a href=\"http:\/\/saltxtechnology.com\">SaltX<\/a><\/td>\n<td width=\"17\">&nbsp;<\/td>\n<td width=\"140\"><a href=\"mailto:karl.bohman@saltxtechnology.com\">Karl Bohman<\/a><\/td>\n<td width=\"17\">&nbsp;<\/td>\n<td width=\"341\">SaltX Technology Holding AB (publ)<br \/>\nInstrumentv\u00e4gen 20, 126 53 H\u00e4gersten, Sweden<br \/>\nPhone: + 46 705 600 268<\/td>\n<\/tr>\n<tr>\n<td width=\"71\"><strong>UK<\/strong><\/td>\n<td width=\"94\"><a href=\"http:\/\/www.delta-ee.com\">Delta EE<\/a><\/td>\n<td width=\"17\">&nbsp;<\/td>\n<td width=\"140\"><a href=\"mailto:Lukas.Bergmann@delta-ee.com\">Lukas Bergmann<\/a><\/td>\n<td width=\"17\">&nbsp;<\/td>\n<td width=\"341\">Delta Energy &amp; Environment Ltd.<br \/>\nFloor F, Argyle House, 3 Lady Lawson Street, Edinburgh, EH3 9DR, UK<br \/>\nPhone: + 44 131 625 3332<\/td>\n<\/tr>\n<tr>\n<td width=\"71\"><\/td>\n<td width=\"94\"><a href=\"http:\/\/www2.warwick.ac.uk\/fac\/sci\/eng\">University of Warwick<\/a><br \/>\n<a href=\"http:\/\/www2.warwick.ac.uk\/fac\/sci\/eng\">School of Engineering<\/a><\/td>\n<td width=\"17\">&nbsp;<\/td>\n<td width=\"140\"><a href=\"mailto:R.E.Critoph@warwick.ac.uk\">Robert E. Critoph<\/a><\/td>\n<td width=\"17\">&nbsp;<\/td>\n<td width=\"341\">School of Engineering<br \/>\nThe University of Warwick<br \/>\nCoventry, CV4 7AL, UK<br \/>\nPhone: +44 24 7652 3137; Fax: +44 24 7641 8922<\/td>\n<\/tr>\n<tr>\n<td rowspan=\"2\" width=\"71\"><strong>USA<\/strong><\/td>\n<td width=\"94\"><a href=\"http:\/\/www.ornl.gov\/\">ORNL<\/a><\/td>\n<td width=\"17\">&nbsp;<\/td>\n<td width=\"140\"><a href=\"mailto:vineyardea@ornl.gov\">Ed Vineyard<\/a><\/td>\n<td width=\"17\">&nbsp;<\/td>\n<td width=\"341\">Building Technologies Research and Integration Center Oak Ridge National Laboratory (ORNL)<br \/>\nBuilding 3147, Mail Stop 6070<br \/>\nOak Ridge, TN 37831-6070 USA<br \/>\nPhone: +1 865 574 0576<\/td>\n<\/tr>\n<tr>\n<td width=\"94\"><a href=\"http:\/\/www.stonemountaintechnologies.com\/\">Stone Mountain Technologies<\/a><\/td>\n<td width=\"17\">&nbsp;<\/td>\n<td width=\"140\"><a href=\"mailto:mgarrabrant@stonemtntechnologies.com\">Michael Garrabrant<\/a><\/td>\n<td width=\"17\">&nbsp;<\/td>\n<td width=\"341\">Stone Mountain Technologies, Inc.<br \/>\n319 West Wind<br \/>\nUnico, TN 37692 USA<br \/>\nPhone: +1 423 735 7400<\/td>\n<\/tr>\n<\/tbody>\n<\/table>\n<\/div>\n","protected":false},"excerpt":{"rendered":"<p>Country Organisation \u00a0 Participant\/ E-Mail \u00a0 Contact Austria AIT &nbsp; Thomas Fleckl &nbsp; AIT Austrian Institute of Technology GmbH Giefinggasse&#8230;<\/p>\n","protected":false},"author":1,"featured_media":0,"parent":2,"menu_order":0,"comment_status":"closed","ping_status":"closed","template":"","meta":{"_acf_changed":false,"_relevanssi_hide_post":"","_relevanssi_hide_content":"","_relevanssi_pin_for_all":"","_relevanssi_pin_keywords":"","_relevanssi_unpin_keywords":"","_relevanssi_related_keywords":"","_relevanssi_related_include_ids":"","_relevanssi_related_exclude_ids":"","_relevanssi_related_no_append":"","_relevanssi_related_not_related":"","_relevanssi_related_posts":"","_relevanssi_noindex_reason":"","footnotes":""},"class_list":["post-128","page","type-page","status-publish","hentry"],"acf":[],"_links":{"self":[{"href":"https:\/\/heatpumpingtechnologies.org\/annex43\/wp-json\/wp\/v2\/pages\/128","targetHints":{"allow":["GET"]}}],"collection":[{"href":"https:\/\/heatpumpingtechnologies.org\/annex43\/wp-json\/wp\/v2\/pages"}],"about":[{"href":"https:\/\/heatpumpingtechnologies.org\/annex43\/wp-json\/wp\/v2\/types\/page"}],"author":[{"embeddable":true,"href":"https:\/\/heatpumpingtechnologies.org\/annex43\/wp-json\/wp\/v2\/users\/1"}],"replies":[{"embeddable":true,"href":"https:\/\/heatpumpingtechnologies.org\/annex43\/wp-json\/wp\/v2\/comments?post=128"}],"version-history":[{"count":6,"href":"https:\/\/heatpumpingtechnologies.org\/annex43\/wp-json\/wp\/v2\/pages\/128\/revisions"}],"predecessor-version":[{"id":201,"href":"https:\/\/heatpumpingtechnologies.org\/annex43\/wp-json\/wp\/v2\/pages\/128\/revisions\/201"}],"up":[{"embeddable":true,"href":"https:\/\/heatpumpingtechnologies.org\/annex43\/wp-json\/wp\/v2\/pages\/2"}],"wp:attachment":[{"href":"https:\/\/heatpumpingtechnologies.org\/annex43\/wp-json\/wp\/v2\/media?parent=128"}],"curies":[{"name":"wp","href":"https:\/\/api.w.org\/{rel}","templated":true}]}}